{"id":13,"date":"2019-02-08T18:48:08","date_gmt":"2019-02-08T17:48:08","guid":{"rendered":"http:\/\/panaderoscomodoro.com.ar\/?page_id=13"},"modified":"2019-02-08T21:16:20","modified_gmt":"2019-02-09T00:16:20","slug":"boletas-pago","status":"publish","type":"page","link":"http:\/\/panaderoscomodoro.com.ar\/?page_id=13","title":{"rendered":"Sistema de Boletas de Pago"},"content":{"rendered":"\n<h4 class=\"wp-block-heading\"><em>Registrarse dentro del sistema<\/em><br><\/h4>\n\n\n\n<p>Para comenzar a operar dentro del sistema de <strong>emisi\u00f3n de boletas<\/strong> es necesario registrarse ingresando <a href=\"http:\/\/www.panaderoscomodoro.com.ar\/comprobantes\/index.php\/usuario\/registrar\">aqu\u00ed<\/a>. Debe ingresar su direcci\u00f3n de correo electr\u00f3nico para que el sistema le env\u00ede un email con la <strong>clave<\/strong> que utilizar\u00e1 para ingresar por primera vez. Esta clave puede cambiarse por una m\u00e1s sencilla ingresando al sistema <a href=\"http:\/\/www.panaderoscomodoro.com.ar\/comprobantes\/\">aqu\u00ed<\/a>.<\/p>\n\n\n\n<p>Si no recibi\u00f3 el correo en su casilla verifique la carpeta de <strong>correo no deseado<\/strong>. Si pasa un tiempo prudente (media hora) sin recibir la clave, intente con otra direcci\u00f3n de correo electr\u00f3nico (los servidores de Speedy y Hotmail suelen bloquear estos correos).<br><\/p>\n\n\n\n<h4 class=\"wp-block-heading\"><em>Utilizar el sistema de emisi\u00f3n de boletas<\/em><\/h4>\n\n\n\n<p>Para utilizar el sistema debe ingresar <a href=\"http:\/\/www.panaderoscomodoro.com.ar\/comprobantes\/\">aqu\u00ed<\/a> con su usuario (direcci\u00f3n de correo electr\u00f3nico) y contrase\u00f1a. Una vez adentro, en la barra superior puede cambiar la contrase\u00f1a.<\/p>\n\n\n\n<p>Para dar de alta un <strong>empleador<\/strong> (empresa\/panader\u00eda) debe completar los datos que solicita el formulario. Si el cuit\/cuil o raz\u00f3n social ya se encuentran cargados en el sistema <strong>no le permitir\u00e1 <\/strong>ingresarlo (es posible que est\u00e9 vinculado a otra cuenta\/estudio contable). Si \u00e9ste es el caso p\u00f3ngase en contacto a trav\u00e9s del correo <a href=\"mailto:gmiranda@udesa.edu.ar\">gmiranda@udesa.edu.ar<\/a><\/p>\n\n\n\n<p>Una vez ingresado el empleador debe ingresar a los empleados con los datos que solicita el formulario. En la casilla de remuneraci\u00f3n debe ingresar n\u00fameros naturales <strong>sin separaci\u00f3n de punto para&nbsp;cifra&nbsp;de&nbsp;mil<\/strong>. Para ingresar centavos debe colocar <strong>punto<\/strong> (.) antes de los dos d\u00edgitos.<\/p>\n\n\n\n<p>Con todos los datos ingresados puede generar las boletas para pagar en el <strong>Banco Chubut<\/strong>. La boleta vence <strong>el mismo d\u00eda <\/strong>que se emite (no sirve para d\u00edas posteriores) y tiene recargo despu\u00e9s del d\u00eda 15.<\/p>\n","protected":false},"excerpt":{"rendered":"<p>Registrarse dentro del sistema Para comenzar a operar dentro del sistema de emisi\u00f3n de boletas es necesario registrarse ingresando aqu\u00ed. Debe ingresar su direcci\u00f3n de correo electr\u00f3nico para que el sistema le env\u00ede un email con la clave que utilizar\u00e1 para ingresar por primera vez. Esta clave puede cambiarse por una m\u00e1s sencilla ingresando al <a href=\"http:\/\/panaderoscomodoro.com.ar\/?page_id=13\" rel=\"nofollow\"><span class=\"sr-only\">Leer m\u00e1sSistema de Boletas de Pago<\/span>[&hellip;]<\/a><\/p>\n","protected":false},"author":1,"featured_media":0,"parent":0,"menu_order":0,"comment_status":"closed","ping_status":"closed","template":"","meta":[],"_links":{"self":[{"href":"http:\/\/panaderoscomodoro.com.ar\/index.php?rest_route=\/wp\/v2\/pages\/13"}],"collection":[{"href":"http:\/\/panaderoscomodoro.com.ar\/index.php?rest_route=\/wp\/v2\/pages"}],"about":[{"href":"http:\/\/panaderoscomodoro.com.ar\/index.php?rest_route=\/wp\/v2\/types\/page"}],"author":[{"embeddable":true,"href":"http:\/\/panaderoscomodoro.com.ar\/index.php?rest_route=\/wp\/v2\/users\/1"}],"replies":[{"embeddable":true,"href":"http:\/\/panaderoscomodoro.com.ar\/index.php?rest_route=%2Fwp%2Fv2%2Fcomments&post=13"}],"version-history":[{"count":9,"href":"http:\/\/panaderoscomodoro.com.ar\/index.php?rest_route=\/wp\/v2\/pages\/13\/revisions"}],"predecessor-version":[{"id":115,"href":"http:\/\/panaderoscomodoro.com.ar\/index.php?rest_route=\/wp\/v2\/pages\/13\/revisions\/115"}],"wp:attachment":[{"href":"http:\/\/panaderoscomodoro.com.ar\/index.php?rest_route=%2Fwp%2Fv2%2Fmedia&parent=13"}],"curies":[{"name":"wp","href":"https:\/\/api.w.org\/{rel}","templated":true}]}}